{"id":393,"date":"2025-04-13T14:20:06","date_gmt":"2025-04-13T14:20:06","guid":{"rendered":"https:\/\/mileniumprivateclub.com\/formulario-de-solicitud\/"},"modified":"2026-04-07T21:07:19","modified_gmt":"2026-04-07T21:07:19","slug":"formulario-de-solicitud","status":"publish","type":"page","link":"https:\/\/mileniumprivateclub.com\/es\/formulario-de-solicitud\/","title":{"rendered":"Formulario de solicitud"},"content":{"rendered":"\n<div class=\"et_pb_section_0 et_pb_section et_section_regular et_block_section\"><div class=\"et_pb_row_0 et_pb_row et_block_row\"><div class=\"et_pb_column_0 et_pb_column et_pb_column_4_4 et-last-child et_block_column et_pb_css_mix_blend_mode_passthrough\"><div class=\"et_pb_heading_0 et_pb_heading et_pb_module et_block_module\"><div class=\"et_pb_heading_container\"><h1 class=\"et_pb_module_header\">Trabajar con nosotros<\/h1><\/div><\/div><div class=\"et_pb_text_0 et_pb_text et_pb_bg_layout_light et_pb_module et_block_module\"><div class=\"et_pb_text_inner\"><p>\u200b<span class=\"relative -mx-px my-[-0.2rem] rounded px-px py-[0.2rem] transition-colors duration-100 ease-in-out\">Si est\u00e1s buscando una oportunidad \u00fanica para trabajar en un entorno refinado, discreto y lujoso, Milenium Private Club en M\u00e1laga te invita a unirte a nuestro equipo excepcional.<\/span> <span class=\"relative -mx-px my-[-0.2rem] rounded px-px py-[0.2rem] transition-colors duration-100 ease-in-out\">Estamos dedicados a ofrecer un refugio exclusivo para nuestros hu\u00e9spedes, donde la privacidad, la comodidad y el servicio personalizado son lo m\u00e1s importante.<\/span><\/p>\n<\/div><\/div><\/div><\/div><div class=\"et_pb_row_1 et_pb_row et_block_row\"><div class=\"et_pb_column_1 et_pb_column et_pb_column_4_4 et-last-child et_block_column et_pb_css_mix_blend_mode_passthrough\"><div class=\"et_pb_heading_1 et_pb_heading et_pb_module et_block_module\"><div class=\"et_pb_heading_container\"><h1 class=\"et_pb_module_header\">\u00bfA qui\u00e9n estamos buscando?<\/h1><\/div><\/div><div class=\"et_pb_text_1 et_pb_text et_pb_bg_layout_light et_pb_module et_block_module\"><div class=\"et_pb_text_inner\"><p><span class=\"relative -mx-px my-[-0.2rem] rounded px-px py-[0.2rem] transition-colors duration-100 ease-in-out\">Buscamos personas que encarnen la discreci\u00f3n, la elegancia y la pasi\u00f3n por ofrecer un servicio excepcional.<\/span> <span class=\"relative -mx-px my-[-0.2rem] rounded px-px py-[0.2rem] transition-colors duration-100 ease-in-out\">Tanto si tienes experiencia en hosteler\u00eda, bienestar o atenci\u00f3n al cliente, y hablas ingl\u00e9s y espa\u00f1ol con fluidez, te ofrecemos un entorno de trabajo respetuoso y solidario donde se valoran tus aportaciones.<\/span><\/p>\n<p><span class=\"relative -mx-px my-[-0.2rem] rounded px-px py-[0.2rem] transition-colors duration-100 ease-in-out\"><strong>Requisitos:<\/strong> Edad entre 18 y 40 a\u00f1os, buena presencia, educado y con porte. Si tienes fotos profesionales, ser\u00eda preferible para garantizar un mejor servicio.<\/span><\/p>\n<\/div><\/div><\/div><\/div><div class=\"et_pb_row_2 et_pb_row et_block_row\"><div class=\"et_pb_column_2 et_pb_column et_pb_column_4_4 et-last-child et_block_column et_pb_css_mix_blend_mode_passthrough\"><div class=\"et_pb_heading_2 et_pb_heading et_pb_module et_block_module\"><div class=\"et_pb_heading_container\"><h1 class=\"et_pb_module_header\">\u00bfQu\u00e9 puedes esperar de nosotros?<\/h1><\/div><\/div><div class=\"et_pb_text_2 et_pb_text et_pb_bg_layout_light et_pb_module et_block_module\"><div class=\"et_pb_text_inner\"><ul>\n<li>T\u00fa decides <strong>Tus horas de trabajo<\/strong>, respetamos tu vida privada y tu independencia.<\/li>\n<li>No hay bar\/discoteca, por lo que no se sirve alcohol. Los hu\u00e9spedes no se encuentran entre s\u00ed, recepci\u00f3n discreta.<\/li>\n<li><strong>Un ambiente muy amigable y acogedor<\/strong>, Puedes tomar un descanso cuando quieras, y no tienes que hacer nada que no quieras.<\/li>\n<li><strong>T\u00fa <\/strong><strong>decides <\/strong>Si deseas presentarte a un hu\u00e9sped, y puedes rechazar a un hu\u00e9sped despu\u00e9s de la presentaci\u00f3n.<\/li>\n<li><strong>F\u00e1cilmente accesible<\/strong><\/li>\n<li><strong>Aparcamiento cercano<\/strong><\/li>\n<li><strong>Taquilla gratuita<\/strong> Para tus ropas y objetos personales<\/li>\n<li><strong>Abierto los 7 d\u00edas<\/strong> (De lunes a domingo, de 11:00 a 23:00)<\/li>\n<li>Marketing y publicidad profesionales<\/li>\n<li><strong>Gran ambiente<\/strong><\/li>\n<\/ul>\n<\/div><\/div><\/div><\/div><div class=\"et_pb_row_3 et_pb_row et_block_row\"><div class=\"et_pb_column_3 et_pb_column et_pb_column_4_4 et-last-child et_block_column et_pb_css_mix_blend_mode_passthrough\"><div class=\"et_pb_heading_3 et_pb_heading et_pb_module et_block_module\"><div class=\"et_pb_heading_container\"><h1 class=\"et_pb_module_header\">Aplicar<\/h1><\/div><\/div><div class=\"et_pb_text_3 et_pb_text et_pb_bg_layout_light et_pb_module et_block_module\"><div class=\"et_pb_text_inner\"><p data-pm-slice=\"0 0 []\">Para expresar tu inter\u00e9s en unirte a nuestro equipo, por favor completa el formulario o env\u00edanos un correo a info@mileniumprivateclub.com. Tambi\u00e9n puedes contactarnos por tel\u00e9fono al +34 613 562 570. Esperamos poder darte la bienvenida en Milenium Private Club.  <\/p>\n<\/div><\/div><div class=\"et_pb_contact_form_0 et_pb_contact_form_container clearfix et_pb_module et_flex_module\" data-form_unique_num=\"0\" data-form_unique_id=\"3f96b580-537d-40a9-ac9d-95f8065180ad\" id=\"et_pb_contact_form_3f96b580-537d-40a9-ac9d-95f8065180ad\"><div class=\"et-pb-contact-message\"><\/div><div class=\"et_pb_contact\"><form class=\"et_pb_contact_form et_flex_module\" method=\"post\" action=\"https:\/\/mileniumprivateclub.com\/es\/wp-json\/wp\/v2\/pages\/393\"><div class=\"et_pb_contact_field_0 et_pb_contact_field et_pb_module et_flex_module et_flex_column_12_24 et_flex_column_12_24_tablet et_flex_column_12_24_phone\" data-id=\"name_or_alias\" data-type=\"input\"><label class=\"et_pb_contact_form_label\" for=\"et_pb_contact_0_name_or_alias_0\">Nombre o Alias<\/label><input type=\"text\" name=\"et_pb_contact_0_name_or_alias_0\" id=\"et_pb_contact_0_name_or_alias_0\" class=\"input\" data-required_mark=\"required\" data-field_type=\"input\" data-original_id=\"name_or_alias\" placeholder=\"Nombre o Alias\" title=\"\" value=\"\" \/><\/div><div class=\"et_pb_contact_field_1 et_pb_contact_field et_pb_module et_flex_module et_flex_column_12_24 et_flex_column_12_24_tablet et_flex_column_12_24_phone\" data-id=\"email\" data-type=\"email\"><label class=\"et_pb_contact_form_label\" for=\"et_pb_contact_0_email_1\">Email Address<\/label><input type=\"text\" name=\"et_pb_contact_0_email_1\" id=\"et_pb_contact_0_email_1\" class=\"input\" data-required_mark=\"required\" data-field_type=\"email\" data-original_id=\"email\" placeholder=\"Email Address\" title=\"\" value=\"\" \/><\/div><div class=\"et_pb_contact_field_2 et_pb_contact_field et_pb_module et_flex_module et_flex_column_12_24 et_flex_column_12_24_tablet et_flex_column_12_24_phone\" data-id=\"phone_number\" data-type=\"input\"><label class=\"et_pb_contact_form_label\" for=\"et_pb_contact_0_phone_number_2\">N\u00famero de tel\u00e9fono<\/label><input type=\"text\" name=\"et_pb_contact_0_phone_number_2\" id=\"et_pb_contact_0_phone_number_2\" class=\"input\" data-required_mark=\"required\" data-field_type=\"input\" data-original_id=\"phone_number\" placeholder=\"N\u00famero de tel\u00e9fono\" title=\"\" value=\"\" \/><\/div><div class=\"et_pb_contact_field_3 et_pb_contact_field et_pb_module et_flex_module et_flex_column_12_24 et_flex_column_12_24_tablet et_flex_column_12_24_phone\" data-id=\"age\" data-type=\"input\"><label class=\"et_pb_contact_form_label\" for=\"et_pb_contact_0_age_3\">Tu edad<\/label><input type=\"text\" name=\"et_pb_contact_0_age_3\" id=\"et_pb_contact_0_age_3\" class=\"input\" data-required_mark=\"required\" data-field_type=\"input\" data-original_id=\"age\" placeholder=\"Tu edad\" title=\"\" value=\"\" \/><\/div><div class=\"et_pb_contact_field_4 et_pb_contact_field et_pb_module et_flex_module et_flex_column_24_24 et_flex_column_24_24_tablet et_flex_column_24_24_phone\" data-id=\"message\" data-type=\"text\"><label class=\"et_pb_contact_form_label\" for=\"et_pb_contact_0_message_4\">Cu\u00e9ntanos algo sobre ti. <\/label><textarea name=\"et_pb_contact_0_message_4\" id=\"et_pb_contact_0_message_4\" class=\"et_pb_contact_message input\" data-required_mark=\"required\" data-field_type=\"text\" data-original_id=\"message\" placeholder=\"Cu\u00e9ntanos algo sobre ti. \"><\/textarea><\/div><input type=\"hidden\" name=\"et_pb_contactform_submit_3f96b580-537d-40a9-ac9d-95f8065180ad\" value=\"et_contact_proccess\" \/><div class=\"et_contact_bottom_container\"><div class=\"et_pb_contact_right et_pb_contact_field\"><p class=\"clearfix\"><label><span class=\"et_pb_contact_captcha_question\">5 + 9<\/span> = <input type=\"text\" size=\"2\" class=\"input et_pb_contact_captcha\" data-first_digit=\"5\" data-second_digit=\"9\" data-required_mark=\"required\" name=\"et_pb_contact_captcha_3f96b580-537d-40a9-ac9d-95f8065180ad\" autocomplete=\"off\" \/><\/label><\/p><\/div><div class=\"et_pb_button_wrapper\"><button type=\"submit\" name=\"et_builder_submit_button\" class=\"et_pb_button et_pb_contact_submit\">Submit<\/button><\/div><\/div><input type=\"hidden\" id=\"_wpnonce-et-pb-contact-form-submitted-3f96b580-537d-40a9-ac9d-95f8065180ad\" name=\"_wpnonce-et-pb-contact-form-submitted-3f96b580-537d-40a9-ac9d-95f8065180ad\" value=\"8f6f97094e\" \/><input type=\"hidden\" name=\"_wp_http_referer\" value=\"\/es\/wp-json\/wp\/v2\/pages\/393\" \/><\/form><\/div><\/div><\/div><\/div><\/div>\n","protected":false},"excerpt":{"rendered":"","protected":false},"author":1,"featured_media":0,"parent":0,"menu_order":0,"comment_status":"closed","ping_status":"closed","template":"","meta":{"footnotes":""},"class_list":["post-393","page","type-page","status-publish","hentry"],"_links":{"self":[{"href":"https:\/\/mileniumprivateclub.com\/es\/wp-json\/wp\/v2\/pages\/393","targetHints":{"allow":["GET"]}}],"collection":[{"href":"https:\/\/mileniumprivateclub.com\/es\/wp-json\/wp\/v2\/pages"}],"about":[{"href":"https:\/\/mileniumprivateclub.com\/es\/wp-json\/wp\/v2\/types\/page"}],"author":[{"embeddable":true,"href":"https:\/\/mileniumprivateclub.com\/es\/wp-json\/wp\/v2\/users\/1"}],"replies":[{"embeddable":true,"href":"https:\/\/mileniumprivateclub.com\/es\/wp-json\/wp\/v2\/comments?post=393"}],"version-history":[{"count":11,"href":"https:\/\/mileniumprivateclub.com\/es\/wp-json\/wp\/v2\/pages\/393\/revisions"}],"predecessor-version":[{"id":791,"href":"https:\/\/mileniumprivateclub.com\/es\/wp-json\/wp\/v2\/pages\/393\/revisions\/791"}],"wp:attachment":[{"href":"https:\/\/mileniumprivateclub.com\/es\/wp-json\/wp\/v2\/media?parent=393"}],"curies":[{"name":"wp","href":"https:\/\/api.w.org\/{rel}","templated":true}]}}