{"id":299,"date":"2025-04-07T12:29:47","date_gmt":"2025-04-07T12:29:47","guid":{"rendered":"https:\/\/mileniumprivateclub.com\/inicio\/"},"modified":"2026-04-07T21:07:11","modified_gmt":"2026-04-07T21:07:11","slug":"inicio","status":"publish","type":"page","link":"https:\/\/mileniumprivateclub.com\/es\/","title":{"rendered":"Inicio"},"content":{"rendered":"\n<div class=\"et_pb_section_0 et_pb_section et_section_regular et_block_section et-pb-has-background-video et_pb_preload\"><span class=\"et-pb-background-video\"><video autoplay loop playsinline muted><source type=\"video\/mp4\" src=\"https:\/\/mileniumprivateclub.com\/wp-content\/uploads\/2025\/07\/mileniumbackground.mp4\" \/><\/video><\/span><div class=\"et_pb_row_0 et_pb_row et_block_row\"><div class=\"et_pb_column_0 et_pb_column et_pb_column_4_4 et-last-child et_block_column et_pb_css_mix_blend_mode_passthrough\"><div class=\"et_pb_heading_0 et_pb_heading et_pb_module et_block_module\"><div class=\"et_pb_heading_container\"><h1 class=\"et_pb_module_header\">Bienvenido a Milenium Private Club, el sal\u00f3n de masajes de primer nivel de M\u00e1laga<\/h1><\/div><\/div><\/div><\/div><div class=\"et_pb_row_1 et_pb_row et_block_row\"><div class=\"et_pb_column_1 et_pb_column et_pb_column_1_2 et_block_column et_pb_css_mix_blend_mode_passthrough\"><div class=\"et_pb_text_0 et_pb_text et_pb_bg_layout_light et_pb_module et_block_module\"><div class=\"et_pb_text_inner\"><p style=\"text-align: justify;\">Milenium Private Club es un exclusivo <strong data-start=\"311\" data-end=\"330\">sal\u00f3n de masajes<\/strong> en M\u00e1laga, dise\u00f1ado para aquellos que buscan una escapada discreta y lujosa. Nuestro elegante club ofrece un entorno privado e \u00edntimo donde su comodidad y confidencialidad son nuestras principales prioridades. Ya sea que est\u00e9 aqu\u00ed para relajarse, explorar experiencias de masajes sensuales o simplemente desconectarse del estr\u00e9s, <strong data-start=\"619\" data-end=\"644\">Milenium Private Club<\/strong> promete un viaje inolvidable de relajaci\u00f3n e indulgencia. Cada detalle est\u00e1 cuidadosamente seleccionado para elevar tus sentidos en el ambiente m\u00e1s refinado.   <\/p>\n<\/div><\/div><\/div><div class=\"et_pb_column_2 et_pb_column et_pb_column_1_2 et-last-child et_block_column et_pb_column_empty et_pb_css_mix_blend_mode_passthrough\"><\/div><\/div><\/div><div class=\"et_pb_section_1 et_pb_section et_section_regular et_block_section\"><div class=\"et_pb_row_2 et_pb_row et_block_row\"><div class=\"et_pb_column_3 et_pb_column et_pb_column_1_3 et_block_column et_pb_css_mix_blend_mode_passthrough\"><div class=\"et_pb_icon_0 et_pb_icon et_pb_module et_block_module\"><span class=\"et_pb_icon_wrap\"><span class=\"et-pb-icon\">\uf630<\/span><\/span><\/div><div class=\"et_pb_heading_1 et_pb_heading et_pb_module et_block_module\"><div class=\"et_pb_heading_container\"><h1 class=\"et_pb_module_header\">Privacidad y discreci\u00f3n<\/h1><\/div><\/div><div class=\"et_pb_text_1 et_pb_text et_pb_bg_layout_light et_pb_module et_block_module\"><div class=\"et_pb_text_inner\"><p style=\"text-align: justify;\">Atendemos a cada detalle para asegurarnos de que te sientas como si estuvieras en el para\u00edso. Ya sea que est\u00e9 buscando relajaci\u00f3n o indulgencia, nuestros masajes con final feliz en M\u00e1laga y Fuengirola ofrecen todo lo que necesita para una experiencia inolvidable, entregada con el m\u00e1s alto nivel de discreci\u00f3n. No dudes en preguntar sobre nuestros servicios sin ning\u00fan compromiso.<\/p>\n<\/div><\/div><\/div><div class=\"et_pb_column_4 et_pb_column et_pb_column_1_3 et_block_column et_pb_css_mix_blend_mode_passthrough\"><div class=\"et_pb_icon_1 et_pb_icon et_pb_module et_block_module\"><span class=\"et_pb_icon_wrap\"><span class=\"et-pb-icon\">\ue06e<\/span><\/span><\/div><div class=\"et_pb_heading_2 et_pb_heading et_pb_module et_block_module\"><div class=\"et_pb_heading_container\"><h1 class=\"et_pb_module_header\">Higiene<\/h1><\/div><\/div><div class=\"et_pb_text_2 et_pb_text et_pb_bg_layout_light et_pb_module et_block_module\"><div class=\"et_pb_text_inner\"><p style=\"text-align: justify;\">Nuestra gente es rigurosamente probada y mantiene los m\u00e1s altos est\u00e1ndares de limpieza.<\/p>\n<p> El \u00e1rea se desinfecta regularmente para garantizar un ambiente seguro e higi\u00e9nico. Priorizamos tu bienestar con estrictos protocolos de higiene en vigor.<\/p>\n<\/div><\/div><\/div><div class=\"et_pb_column_5 et_pb_column et_pb_column_1_3 et-last-child et_block_column et_pb_css_mix_blend_mode_passthrough\"><div class=\"et_pb_icon_2 et_pb_icon et_pb_module et_block_module\"><span class=\"et_pb_icon_wrap\"><span class=\"et-pb-icon\">\ue0d9<\/span><\/span><\/div><div class=\"et_pb_heading_3 et_pb_heading et_pb_module et_block_module\"><div class=\"et_pb_heading_container\"><h1 class=\"et_pb_module_header\">Seguro<\/h1><\/div><\/div><div class=\"et_pb_text_3 et_pb_text et_pb_bg_layout_light et_pb_module et_block_module\"><div class=\"et_pb_text_inner\"><p style=\"text-align: justify;\">Milenium Club Privado prioriza la seguridad y protecci\u00f3n de todos los miembros e invitados. Contamos con protocolos estrictos para garantizar un ambiente seguro y c\u00f3modo. Puedes estar tranquilo, tu bienestar es nuestra principal preocupaci\u00f3n en todo momento.<\/p>\n<\/div><\/div><\/div><\/div><\/div><div class=\"et_pb_section_2 et_pb_section et_section_regular et_block_section\"><div class=\"et_pb_row_3 et_pb_row et_block_row\"><div class=\"et_pb_column_6 et_pb_column et_pb_column_1_2 et_block_column et_pb_column_empty et_pb_css_mix_blend_mode_passthrough\"><\/div><div class=\"et_pb_column_7 et_pb_column et_pb_column_1_2 et-last-child et_block_column et_pb_css_mix_blend_mode_passthrough\"><div class=\"et_pb_heading_4 et_pb_heading et_pb_module et_block_module\"><div class=\"et_pb_heading_container\"><h2 class=\"et_pb_module_header\">Milenium Private Club \/ Un sal\u00f3n de masajes en M\u00e1laga<\/h2><\/div><\/div><div class=\"et_pb_text_4 et_pb_text et_pb_bg_layout_light et_pb_module et_block_module\"><div class=\"et_pb_text_inner\"><p data-start=\"244\" data-end=\"441\">Como el principal sal\u00f3n de masajes de M\u00e1laga, <strong data-start=\"286\" data-end=\"311\">Milenium Private Club<\/strong> lo invita a un santuario seductor y exclusivo donde podr\u00e1 relajarse y disfrutar de la compa\u00f1\u00eda de los compa\u00f1eros m\u00e1s cautivadores de Espa\u00f1a.<\/p>\n<p data-start=\"443\" data-end=\"664\">Acom\u00f3date, toma asiento y deja que nuestros elegantes colaboradores acudan a ti. Su encanto, gracia y talentos \u00fanicos crean la atm\u00f3sfera perfecta para la experiencia sensual que desea.  Una vez que te sientas c\u00f3modo, la aventura comienza.<\/p>\n<p data-start=\"666\" data-end=\"847\">Ya sea que est\u00e9 de visita solo o con un compa\u00f1ero, puede explorar, conectarse y disfrutar de total privacidad y comodidad. La elecci\u00f3n es tuya: \u00bfcon qui\u00e9n compartir\u00e1s tu d\u00eda? <\/p>\n<p data-start=\"849\" data-end=\"917\">Ofrecemos una amplia gama de servicios de lujo y er\u00f3ticos, que incluyen: <strong data-start=\"920\" data-end=\"936\">Masaje Nuru, <\/strong><strong data-start=\"941\" data-end=\"965\">Masaje Cuerpo a Cuerpo, <\/strong><strong data-start=\"970\" data-end=\"993\">Masaje Er\u00f3tico Completo y un <\/strong><strong data-start=\"998\" data-end=\"1032\">Masaje con Final Feliz en M\u00e1laga<\/strong><\/p>\n<p data-start=\"1034\" data-end=\"1204\"><span style=\"text-decoration: underline; color: #e09900;\">Descubra la verdadera relajaci\u00f3n y el placer en <a href=\"https:\/\/mileniumprivateclub.com\/es\/\" title=\"Milenium Club Privado\"><strong data-start=\"1075\" data-end=\"1100\">Milenium Private Club<\/strong><\/a> , el destino definitivo para una experiencia inolvidable en un <strong data-start=\"1174\" data-end=\"1203\">sal\u00f3n de masajes<\/strong> de alta gama en M\u00e1laga.<\/span><\/p>\n<\/div><\/div><\/div><\/div><\/div><div class=\"et_pb_section_3 et_pb_section et_section_regular et_block_section\"><div class=\"et_pb_row_4 et_pb_row et_pb_row_3-4_1-4 et_block_row et_block_row_3-4_1-4\"><div class=\"et_pb_column_8 et_pb_column et_pb_column_3_4 et_block_column et_pb_css_mix_blend_mode_passthrough\"><div class=\"et_pb_heading_5 et_pb_heading et_pb_module et_block_module\"><div class=\"et_pb_heading_container\"><h1 class=\"et_pb_module_header\">Una escapatoria discreta y lujosa para el deseo.<\/h1><\/div><\/div><div class=\"et_pb_text_5 et_pb_text et_pb_bg_layout_light et_pb_module et_block_module\"><div class=\"et_pb_text_inner\"><p>Bienvenido al principal destino de M\u00e1laga para la exploraci\u00f3n sensual. En Milenium Private Club, nos especializamos en <strong>masajes con final feliz en M\u00e1laga<\/strong> y Fuengirola, ofreciendo un espacio privado y lujoso donde su placer, comodidad y privacidad son nuestras principales prioridades. <\/p>\n<p>Hemos creado un entorno seguro y libre de juicios donde puede relajarse, conectarse y satisfacer sus deseos con total discreci\u00f3n.<\/p>\n<p>Nuestro equipo seleccionado encarna los valores que m\u00e1s apreciamos: servicio excepcional, profunda relajaci\u00f3n y confidencialidad inquebrantable. Desde el momento en que llegas a nuestra elegante entrada, eres libre de expresar tus preferencias, disfrutar del ambiente y dejar que la experiencia te gu\u00ede.<\/p>\n<p>Se le presentar\u00e1 a un grupo selecto de colaboradores, cada uno dedicado a hacer que su visita sea realmente inolvidable. Ya sea que elijas disfrutar de otro sorbo juntos o retirarte a una de nuestras suites privadas, todo se desarrolla a tu ritmo. <\/p>\n<p data-start=\"1167\" data-end=\"1224\" class=\"\"><span style=\"text-decoration: underline;\"><strong>Este es tu momento. Tu escape.<\/strong><\/span><\/p>\n<h5 data-start=\"1167\" data-end=\"1224\"><span style=\"text-decoration: underline;\"><strong>Descubre por qu\u00e9 nuestros clientes conf\u00edan en nosotros para los mejores masajes con final feliz en M\u00e1laga y Fuengirola.<\/strong><\/span><\/h5>\n<\/div><\/div><div class=\"et_pb_module et_pb_button_module_wrapper et_pb_button_0_wrapper\"><a class=\"et_pb_button_0 et_pb_button et_pb_bg_layout_light et_pb_module et_block_module\" href=\"https:\/\/mileniumprivateclub.com\/about-us\/\">Leer m\u00e1s.<\/a><\/div><\/div><div class=\"et_pb_column_9 et_pb_column et_pb_column_1_4 et-last-child et_block_column et_pb_css_mix_blend_mode_passthrough\"><div class=\"et_pb_image_0 et_pb_image et_pb_module et_block_module\"><span class=\"et_pb_image_wrap\"><img loading=\"lazy\" decoding=\"async\" src=\"https:\/\/mileniumprivateclub.com\/wp-content\/uploads\/2025\/05\/Happy-ending-massage-in-Malaga.webp\" width=\"512\" height=\"265\" srcset=\"https:\/\/mileniumprivateclub.com\/wp-content\/uploads\/2025\/05\/Happy-ending-massage-in-Malaga.webp 512w, https:\/\/mileniumprivateclub.com\/wp-content\/uploads\/2025\/05\/Happy-ending-massage-in-Malaga-480x248.webp 480w\" sizes=\"(min-width: 0px) and (max-width: 480px) 480px, (min-width: 481px) 512px, 100vw\" class=\"wp-image-613\" title=\"Masaje con final feliz en M\u00e1laga\" alt=\"sal\u00f3n de masajes en M\u00e1laga\" \/><\/span><\/div><\/div><\/div><\/div>\n","protected":false},"excerpt":{"rendered":"","protected":false},"author":1,"featured_media":0,"parent":0,"menu_order":0,"comment_status":"closed","ping_status":"closed","template":"","meta":{"footnotes":""},"class_list":["post-299","page","type-page","status-publish","hentry"],"_links":{"self":[{"href":"https:\/\/mileniumprivateclub.com\/es\/wp-json\/wp\/v2\/pages\/299","targetHints":{"allow":["GET"]}}],"collection":[{"href":"https:\/\/mileniumprivateclub.com\/es\/wp-json\/wp\/v2\/pages"}],"about":[{"href":"https:\/\/mileniumprivateclub.com\/es\/wp-json\/wp\/v2\/types\/page"}],"author":[{"embeddable":true,"href":"https:\/\/mileniumprivateclub.com\/es\/wp-json\/wp\/v2\/users\/1"}],"replies":[{"embeddable":true,"href":"https:\/\/mileniumprivateclub.com\/es\/wp-json\/wp\/v2\/comments?post=299"}],"version-history":[{"count":15,"href":"https:\/\/mileniumprivateclub.com\/es\/wp-json\/wp\/v2\/pages\/299\/revisions"}],"predecessor-version":[{"id":785,"href":"https:\/\/mileniumprivateclub.com\/es\/wp-json\/wp\/v2\/pages\/299\/revisions\/785"}],"wp:attachment":[{"href":"https:\/\/mileniumprivateclub.com\/es\/wp-json\/wp\/v2\/media?parent=299"}],"curies":[{"name":"wp","href":"https:\/\/api.w.org\/{rel}","templated":true}]}}